{"id":4563,"date":"2023-09-26T15:20:39","date_gmt":"2023-09-26T15:20:39","guid":{"rendered":"https:\/\/www.venturadigitalaudio.com\/privacy-policy\/"},"modified":"2023-09-26T15:25:04","modified_gmt":"2023-09-26T15:25:04","slug":"politique-de-confidentialite","status":"publish","type":"page","link":"https:\/\/www.venturadigitalaudio.com\/fr\/politique-de-confidentialite\/","title":{"rendered":"Politique de confidentialit\u00e9"},"content":{"rendered":"<article>\n<h2>Politique de confidentialit\u00e9<\/h2>\n<p class=\"tg-last-updated-date\">Derni\u00e8re mise \u00e0 jour : 2 septembre 2023 \u00e0 10 h 08<\/p>\n<p>  Nous attachons une grande importance \u00e0 votre vie priv\u00e9e. Veuillez lire attentivement cette Politique de confidentialit\u00e9 avant d&#8217;utiliser le site web venturadigitalaudio.com (le \u00ab Site web \u00bb) exploit\u00e9 par Ventura Digital Audio, une entreprise individuelle \u00e9tablie au Qu\u00e9bec, Canada (\u00ab nous \u00bb, \u00ab notre \u00bb) car cette Politique de confidentialit\u00e9 contient des informations importantes sur votre vie priv\u00e9e et la mani\u00e8re dont nous pouvons utiliser les informations que nous collectons \u00e0 votre sujet. Votre acc\u00e8s et votre utilisation du Site web sont soumis \u00e0 votre acceptation et \u00e0 votre respect de cette Politique de confidentialit\u00e9. Cette Politique de confidentialit\u00e9 s&#8217;applique \u00e0 tous, y compris, mais sans s&#8217;y limiter : les visiteurs, les utilisateurs et toute autre personne souhaitant acc\u00e9der ou utiliser le Site web. En acc\u00e9dant ou en utilisant le Site web, vous acceptez d&#8217;\u00eatre li\u00e9 par cette Politique de confidentialit\u00e9. Si vous \u00eates en d\u00e9saccord avec une partie de cette Politique de confidentialit\u00e9, vous n&#8217;avez pas notre autorisation pour acc\u00e9der ou utiliser le Site web.<\/p>\n<h2 class=\"text-center\">Les informations que nous collectons, leur origine, leur utilisation, les cons\u00e9quences en cas de non-fourniture et la base l\u00e9gale du traitement de ces informations<\/h2>\n<p>  Nous recueillons toutes les informations que vous saisissez sur ce Site web. Nous collectons les informations suivantes vous concernant :<\/p>\n<div class=\"table-responsive\">\n<table class=\"table table-bordered\">\n<thead>\n<tr>\n<th>Cat\u00e9gorie d&#8217;informations<\/th>\n<th>Information sp\u00e9cifique<\/th>\n<th>Base l\u00e9gale du traitement de cette information<\/th>\n<th>Origine de cette information<\/th>\n<th>Comment nous utilisons cette information<\/th>\n<th>Cons\u00e9quences en cas de non-fourniture de cette information<\/th>\n<\/tr>\n<\/thead>\n<tbody>\n<tr data-heading=\"Informations d'identification - Nom\">\n<td>Informations d&#8217;identification<\/td>\n<td>Nom<\/td>\n<td>\n<ul>\n<li>Le traitement est n\u00e9cessaire pour l&#8217;ex\u00e9cution d&#8217;un contrat avec l&#8217;utilisateur.<\/li>\n<\/ul>\n<\/td>\n<td>\n<ul>\n<li>Information soumise par le consommateur.<\/li>\n<\/ul>\n<\/td>\n<td>\n<ul>\n<li>Prestation de services ;<\/li>\n<li>Fourniture de service client.<\/li>\n<\/ul>\n<\/td>\n<td>\n<ul>\n<li>Nous ne pourrons pas utiliser vos donn\u00e9es pour la prestation de services ;<\/li>\n<li>Nous ne pourrons pas utiliser vos donn\u00e9es pour la fourniture de service client.<\/li>\n<\/ul>\n<\/td>\n<\/tr>\n<p>        <!-- Les autres entr\u00e9es du tableau ici... --><br \/>\n      <\/tbody>\n<\/table><\/div>\n<h2 class=\"text-center\">Avec qui partageons-nous vos informations personnelles<\/h2>\n<p>  Nous partageons les informations personnelles suivantes avec des fournisseurs d&#8217;analyses de donn\u00e9es afin d&#8217;analyser vos interactions avec nous ou notre site web :<\/p>\n<ul>\n<li>Adresse IP (informations d&#8217;identification) ;<\/li>\n<li>Identifiant de l&#8217;appareil (informations d&#8217;identification).<\/li>\n<\/ul>\n<h2 class=\"text-center\">Comment nous prot\u00e9geons vos informations<\/h2>\n<p>  Nous avons mis en place les mesures suivantes pour prot\u00e9ger et s\u00e9curiser vos informations personnelles :<\/p>\n<ul>\n<li>Limitation de la quantit\u00e9 d&#8217;informations personnelles collect\u00e9es au strict n\u00e9cessaire ;<\/li>\n<li>Utilisation de la technologie SSL ou d&#8217;autres technologies de connexion s\u00e9curis\u00e9es lors de la r\u00e9ception ou de l&#8217;envoi d&#8217;informations personnelles au-del\u00e0 des r\u00e9seaux internes ;<\/li>\n<li>Mise en place et surveillance de syst\u00e8mes de pr\u00e9vention et de d\u00e9tection d&#8217;intrusions.<\/li>\n<\/ul>\n<h2 class=\"text-center\">Vente de vos informations<\/h2>\n<p>  Nous ne vendons pas vos informations personnelles.<\/p>\n<h2 class=\"text-center\">Cookies<\/h2>\n<p>  Un cookie est un petit morceau de donn\u00e9es envoy\u00e9 par un site web et stock\u00e9 sur votre appareil par votre navigateur. Ce site web collecte des cookies et peut les utiliser pour les raisons suivantes, sans s&#8217;y limiter :<\/p>\n<ul>\n<li>Analyse du trafic sur notre site web ;<\/li>\n<li>Analyse de vos interactions avec les publicit\u00e9s ;<\/li>\n<li>Identification de votre connexion au site web ;<\/li>\n<li>Test de contenu sur le site web ;<\/li>\n<li>Stockage d&#8217;informations sur vos pr\u00e9f\u00e9rences ;<\/li>\n<li>Reconnaissance lorsque vous revenez sur le site web ;<\/li>\n<li>S\u00e9lection de la langue.<\/li>\n<\/ul>\n<p>  La plupart des navigateurs web acceptent automatiquement les cookies. Cependant, vous pouvez modifier les param\u00e8tres de votre navigateur pour refuser les cookies, si vous le pr\u00e9f\u00e9rez. Cette configuration peut vous emp\u00eacher de profiter pleinement du site web.<\/p>\n<h2 class=\"text-center\">Vie priv\u00e9e des enfants<\/h2>\n<p>  Ce site web est destin\u00e9 \u00e0 \u00eatre utilis\u00e9 par un public g\u00e9n\u00e9ral et n&#8217;offre pas de services aux enfants. Si un enfant que nous savons \u00eatre \u00e2g\u00e9 de moins de 18 ans nous envoie des informations personnelles, nous n&#8217;utiliserons ces informations que pour r\u00e9pondre \u00e0 cet enfant et l&#8217;informer qu&#8217;il ne peut pas utiliser ce site web.<\/p>\n<h2 class=\"text-center\">Programmes d&#8217;analyse<\/h2>\n<p>  Ce site web utilise Google Analytics pour collecter des informations vous concernant et vos comportements. Si vous souhaitez d\u00e9sactiver Google Analytics, veuillez visiter<br \/>\n  <a href=\"https:\/\/tools.google.com\/dlpage\/gaoptout\/\" target=\"_blank\" rel=\"noopener\">https:\/\/tools.google.com\/dlpage\/gaoptout\/<\/a>.<\/p>\n<h2 class=\"text-center\">Conservation des informations<\/h2>\n<p>  Nous conservons toutes les informations que nous collectons jusqu&#8217;\u00e0 ce que nous n&#8217;en ayons plus besoin.<\/p>\n<h2 class=\"text-center\">Vos droits<\/h2>\n<p>  Selon votre lieu de r\u00e9sidence, vous pouvez avoir les droits suivants concernant vos informations personnelles :<\/p>\n<div class=\"table-responsive\">\n<table class=\"table table-bordered\">\n<thead>\n<tr>\n<th>Droit<\/th>\n<th>Applicable \u00e0<\/th>\n<\/tr>\n<\/thead>\n<tbody>\n<tr>\n<td>Le droit d&#8217;acc\u00e9der aux informations personnelles que nous avons collect\u00e9es \u00e0 votre sujet.<\/td>\n<td>R\u00e9sidents du Canada, de l&#8217;Union europ\u00e9enne et\/ou de l&#8217;Espace \u00e9conomique europ\u00e9en, du Royaume-Uni et du Qu\u00e9bec uniquement<\/td>\n<\/tr>\n<p>        <!-- Les autres droits et leur applicabilit\u00e9 ici... --><br \/>\n      <\/tbody>\n<\/table><\/div>\n<h2 class=\"text-center\">Exercice de vos droits<\/h2>\n<p>  Vous pouvez exercer les droits sp\u00e9cifi\u00e9s ci-dessus en soumettant une demande de consommateur \u00e0 info@venturadigitalaudio.com. Nous devrons v\u00e9rifier votre identit\u00e9 avant de traiter votre demande. Pour v\u00e9rifier votre identit\u00e9, vous devrez nous fournir les informations suivantes avec votre demande :<\/p>\n<ul>\n<li>Nom ;<\/li>\n<li>Num\u00e9ro de t\u00e9l\u00e9phone ;<\/li>\n<li>Adresse e-mail.<\/li>\n<\/ul>\n<p>  Veuillez noter que nous pourrions \u00eatre incapables de traiter votre demande si vous ne nous fournissez pas les informations mentionn\u00e9es ci-dessus.<\/p>\n<h2 class=\"text-center\">Lieu du traitement des donn\u00e9es<\/h2>\n<p>  Toutes les activit\u00e9s de traitement des donn\u00e9es que nous r\u00e9alisons ont lieu au Canada.<\/p>\n<h2 class=\"text-center\">Sites web tiers<\/h2>\n<p>  Ce site web peut contenir des liens hypertextes vers des sites web exploit\u00e9s par des tiers. Nous fournissons ces liens \u00e0 titre de r\u00e9f\u00e9rence uniquement. Nous ne contr\u00f4lons pas ces sites web et ne sommes pas responsables de leur contenu ni de leurs pratiques en mati\u00e8re de confidentialit\u00e9. Il vous incombe de lire et de comprendre pleinement leurs politiques de confidentialit\u00e9. Notre inclusion de liens vers ces sites web n&#8217;implique aucune approbation du contenu de ces sites web ni aucune affiliation avec leurs exploitants.<\/p>\n<p>  <!-- Oui--><\/p>\n<h2 class=\"text-center\">Ne pas suivre<\/h2>\n<p>  <!-- Oui--><\/p>\n<p>  Ne pas suivre est une pr\u00e9f\u00e9rence que vous pouvez d\u00e9finir dans votre navigateur web pour informer les sites web que vous ne souhaitez pas \u00eatre suivis. Nous soutenons l&#8217;option de Ne pas suivre (\u00ab DNT \u00bb). Vous pouvez activer ou d\u00e9sactiver DNT en visitant la page Pr\u00e9f\u00e9rences ou Param\u00e8tres de votre navigateur.<\/p>\n<h2 class=\"text-center\">Transfert de donn\u00e9es<\/h2>\n<p>  Nous pr\u00e9voyons de transf\u00e9rer des donn\u00e9es vers les \u00c9tats-Unis. Cela signifie que vos informations peuvent \u00eatre trait\u00e9es dans un pays en dehors du Canada et qu&#8217;elles peuvent \u00eatre accessibles aux autorit\u00e9s charg\u00e9es de l&#8217;application de la loi et aux autorit\u00e9s de s\u00e9curit\u00e9 nationale de ce pays et de cette juridiction.<\/p>\n<h2 class=\"text-center\">Modification de la Politique de confidentialit\u00e9<\/h2>\n<p>  Nous nous r\u00e9servons le droit de modifier cette Politique de confidentialit\u00e9 \u00e0 tout moment. Nous vous informerons de toute modification de cette Politique de confidentialit\u00e9 en publiant la Politique de confidentialit\u00e9 mise \u00e0 jour sur ce site web ou cette application.<\/p>\n<h2 class=\"text-center\">Questions<\/h2>\n<p>  Si vous avez des questions concernant cette Politique de confidentialit\u00e9, veuillez nous contacter \u00e0 l&#8217;adresse info@venturadigitalaudio.com.<br \/>\n<\/article>\n","protected":false},"excerpt":{"rendered":"<p>Politique de confidentialit\u00e9 Derni\u00e8re mise \u00e0 jour : 2 septembre 2023 \u00e0 10 h 08 Nous attachons une grande importance \u00e0 votre vie priv\u00e9e. Veuillez lire attentivement cette Politique de&#8230;<\/p>\n","protected":false},"author":2,"featured_media":0,"parent":0,"menu_order":0,"comment_status":"closed","ping_status":"closed","template":"","meta":{"footnotes":""},"class_list":["post-4563","page","type-page","status-publish"],"_links":{"self":[{"href":"https:\/\/www.venturadigitalaudio.com\/fr\/wp-json\/wp\/v2\/pages\/4563","targetHints":{"allow":["GET"]}}],"collection":[{"href":"https:\/\/www.venturadigitalaudio.com\/fr\/wp-json\/wp\/v2\/pages"}],"about":[{"href":"https:\/\/www.venturadigitalaudio.com\/fr\/wp-json\/wp\/v2\/types\/page"}],"author":[{"embeddable":true,"href":"https:\/\/www.venturadigitalaudio.com\/fr\/wp-json\/wp\/v2\/users\/2"}],"replies":[{"embeddable":true,"href":"https:\/\/www.venturadigitalaudio.com\/fr\/wp-json\/wp\/v2\/comments?post=4563"}],"version-history":[{"count":3,"href":"https:\/\/www.venturadigitalaudio.com\/fr\/wp-json\/wp\/v2\/pages\/4563\/revisions"}],"predecessor-version":[{"id":4567,"href":"https:\/\/www.venturadigitalaudio.com\/fr\/wp-json\/wp\/v2\/pages\/4563\/revisions\/4567"}],"wp:attachment":[{"href":"https:\/\/www.venturadigitalaudio.com\/fr\/wp-json\/wp\/v2\/media?parent=4563"}],"curies":[{"name":"wp","href":"https:\/\/api.w.org\/{rel}","templated":true}]}}