{"id":4534,"date":"2011-11-17T06:06:14","date_gmt":"2011-11-17T06:06:14","guid":{"rendered":"https:\/\/www.venturadigitalaudio.com\/lingenieur-du-son\/"},"modified":"2023-09-26T14:42:56","modified_gmt":"2023-09-26T14:42:56","slug":"lingenieur-du-son","status":"publish","type":"page","link":"https:\/\/www.venturadigitalaudio.com\/fr\/lingenieur-du-son\/","title":{"rendered":"L&#8217;ing\u00e9nieur du son"},"content":{"rendered":"[vc_row type=&#8221;in_container&#8221; full_screen_row_position=&#8221;middle&#8221; scene_position=&#8221;center&#8221; text_color=&#8221;dark&#8221; text_align=&#8221;left&#8221; top_padding=&#8221;25&#8243; bottom_padding=&#8221;25&#8243; overlay_strength=&#8221;0.3&#8243;][vc_column column_padding=&#8221;no-extra-padding&#8221; column_padding_position=&#8221;all&#8221; background_color_opacity=&#8221;1&#8243; background_hover_color_opacity=&#8221;1&#8243; column_shadow=&#8221;none&#8221; width=&#8221;2\/3&#8243; tablet_text_alignment=&#8221;default&#8221; phone_text_alignment=&#8221;default&#8221; column_border_width=&#8221;none&#8221; column_border_style=&#8221;solid&#8221;][vc_column_text]<strong><img loading=\"lazy\" decoding=\"async\" class=\"alignleft wp-image-4134 size-medium\" src=\"http:\/\/www.venturadigitalaudio.com\/wp-content\/uploads\/engineer1-300x150.jpg\" alt=\"engineer\" width=\"300\" height=\"150\" srcset=\"https:\/\/www.venturadigitalaudio.com\/vdawpr\/wp-content\/uploads\/engineer1-300x150.jpg 300w, https:\/\/www.venturadigitalaudio.com\/vdawpr\/wp-content\/uploads\/engineer1.jpg 598w\" sizes=\"auto, (max-width: 300px) 100vw, 300px\" \/>Bill Szawlowski<\/strong> est un musicien, ing\u00e9nieur, producteur et fondateur de Ventura Digital Audio. Suzie Arioli, April Wine, Luc Plamondon, Oliver Jones, Frank Marino, Stanley Clarke, The Tea Party, sont quelques-uns des artistes avec lesquels Bill a eu le plaisir de travailler.<\/p>\n<p>Sa carri\u00e8re a d\u00e9but\u00e9 en 1974 au Studio Tempo \u00e0 Montr\u00e9al. Les propri\u00e9taires Yves Lapierre, Fran\u00e7ois Cousineau et Bernard Scott ont \u00e9t\u00e9 ravis de reconna\u00eetre son potentiel lorsque le magazine Billboard a annonc\u00e9 que Bill \u00e9tait un &#8220;jeune ing\u00e9nieur&#8221; \u00e0 surveiller. Depuis cette \u00e9poque, il a travaill\u00e9 avec d&#8217;innombrables artistes et maisons de disques, se forgeant ainsi une r\u00e9putation tr\u00e8s respect\u00e9e dans l&#8217;industrie du divertissement. Ce qui lui a rapidement valu la reconnaissance, c&#8217;est son engagement envers chaque projet et sa responsabilit\u00e9 envers \u00e0 la fois la maison de disques et l&#8217;artiste.[\/vc_column_text][divider line_type=&#8221;Full Width Line&#8221; line_thickness=&#8221;1&#8243; divider_color=&#8221;default&#8221; custom_height=&#8221;40&#8243;][vc_row_inner column_margin=&#8221;default&#8221; text_align=&#8221;left&#8221;][vc_column_inner column_padding=&#8221;no-extra-padding&#8221; column_padding_position=&#8221;all&#8221; background_color_opacity=&#8221;1&#8243; width=&#8221;1\/2&#8243; column_border_width=&#8221;none&#8221; column_border_style=&#8221;solid&#8221;][nectar_animated_title heading_tag=&#8221;h4&#8243; style=&#8221;color-strip-reveal&#8221; color=&#8221;Accent-Color&#8221; text=&#8221;&#8220;Projets futurs&#8220;&#8221;][nectar_animated_title heading_tag=&#8221;h4&#8243; style=&#8221;color-strip-reveal&#8221; color=&#8221;Accent-Color&#8221; text=&#8221;&#8220;Pensez \u00e0 de nouvelles id\u00e9es&#8220;&#8221;][\/vc_column_inner][vc_column_inner column_padding=&#8221;no-extra-padding&#8221; column_padding_position=&#8221;all&#8221; background_color_opacity=&#8221;1&#8243; width=&#8221;1\/2&#8243; column_border_width=&#8221;none&#8221; column_border_style=&#8221;solid&#8221;][nectar_animated_title heading_tag=&#8221;h4&#8243; style=&#8221;color-strip-reveal&#8221; color=&#8221;Accent-Color&#8221; text=&#8221;&#8220;&quot;Aujourd&apos;hui, chaque projet cr\u00e9e une urgence, une urgence de faire \u00e9merger un &#8220;inconnu&#8220;, rien que le processus en lui-m\u00eame est immense. mais l&apos;excitation de ce qu&apos;il deviendra, parfait&#8220;.&#8221;][\/vc_column_inner][\/vc_row_inner][\/vc_column][vc_column column_padding=&#8221;no-extra-padding&#8221; column_padding_position=&#8221;all&#8221; background_color_opacity=&#8221;1&#8243; background_hover_color_opacity=&#8221;1&#8243; column_shadow=&#8221;none&#8221; width=&#8221;1\/3&#8243; tablet_text_alignment=&#8221;default&#8221; phone_text_alignment=&#8221;default&#8221; column_border_width=&#8221;none&#8221; column_border_style=&#8221;solid&#8221;][vc_column_text]Les liens suivants r\u00e9pondront, je l&#8217;esp\u00e8re, \u00e0 cette question,,<\/p>\n<h4 style=\"margin-bottom: 25px;\">&#8220;Qu&#8217;avez-vous fait ?&#8221;<\/h4>\n[\/vc_column_text][nectar_btn size=&#8221;small&#8221; open_new_tab=&#8221;true&#8221; button_style=&#8221;regular&#8221; button_color_2=&#8221;Accent-Color&#8221; icon_family=&#8221;none&#8221; text=&#8221;T\u00e9l\u00e9charger le CV&#8221; url=&#8221;http:\/\/www.venturadigitalaudio.com\/PDF\/BillSzawlowski.pdf&#8221;][nectar_btn size=&#8221;small&#8221; open_new_tab=&#8221;true&#8221; button_style=&#8221;regular&#8221; button_color_2=&#8221;Accent-Color&#8221; icon_family=&#8221;none&#8221; text=&#8221;Artiste en direct (liste partielle)&#8221; url=&#8221;http:\/\/www.artistdirect.com\/artist\/credits\/billy-szawlowski\/499542#more&#8221;][divider line_type=&#8221;Small Line&#8221; line_thickness=&#8221;1&#8243; divider_color=&#8221;default&#8221; custom_height=&#8221;40&#8243;][\/vc_column][\/vc_row]\n","protected":false},"excerpt":{"rendered":"<p>[vc_row type=&#8221;in_container&#8221; full_screen_row_position=&#8221;middle&#8221; scene_position=&#8221;center&#8221; text_color=&#8221;dark&#8221; text_align=&#8221;left&#8221; top_padding=&#8221;25&#8243; bottom_padding=&#8221;25&#8243; overlay_strength=&#8221;0.3&#8243;][vc_column column_padding=&#8221;no-extra-padding&#8221; column_padding_position=&#8221;all&#8221; background_color_opacity=&#8221;1&#8243; background_hover_color_opacity=&#8221;1&#8243; column_shadow=&#8221;none&#8221; width=&#8221;2\/3&#8243; tablet_text_alignment=&#8221;default&#8221; phone_text_alignment=&#8221;default&#8221; column_border_width=&#8221;none&#8221; column_border_style=&#8221;solid&#8221;][vc_column_text]Bill Szawlowski est un musicien, ing\u00e9nieur, producteur et fondateur de Ventura Digital&#8230;<\/p>\n","protected":false},"author":2,"featured_media":0,"parent":0,"menu_order":0,"comment_status":"open","ping_status":"open","template":"","meta":{"footnotes":""},"class_list":["post-4534","page","type-page","status-publish"],"_links":{"self":[{"href":"https:\/\/www.venturadigitalaudio.com\/fr\/wp-json\/wp\/v2\/pages\/4534","targetHints":{"allow":["GET"]}}],"collection":[{"href":"https:\/\/www.venturadigitalaudio.com\/fr\/wp-json\/wp\/v2\/pages"}],"about":[{"href":"https:\/\/www.venturadigitalaudio.com\/fr\/wp-json\/wp\/v2\/types\/page"}],"author":[{"embeddable":true,"href":"https:\/\/www.venturadigitalaudio.com\/fr\/wp-json\/wp\/v2\/users\/2"}],"replies":[{"embeddable":true,"href":"https:\/\/www.venturadigitalaudio.com\/fr\/wp-json\/wp\/v2\/comments?post=4534"}],"version-history":[{"count":2,"href":"https:\/\/www.venturadigitalaudio.com\/fr\/wp-json\/wp\/v2\/pages\/4534\/revisions"}],"predecessor-version":[{"id":4536,"href":"https:\/\/www.venturadigitalaudio.com\/fr\/wp-json\/wp\/v2\/pages\/4534\/revisions\/4536"}],"wp:attachment":[{"href":"https:\/\/www.venturadigitalaudio.com\/fr\/wp-json\/wp\/v2\/media?parent=4534"}],"curies":[{"name":"wp","href":"https:\/\/api.w.org\/{rel}","templated":true}]}}