{"id":4521,"date":"2011-08-27T18:05:50","date_gmt":"2011-08-27T18:05:50","guid":{"rendered":"https:\/\/www.venturadigitalaudio.com\/services\/"},"modified":"2023-09-26T14:31:16","modified_gmt":"2023-09-26T14:31:16","slug":"services","status":"publish","type":"page","link":"https:\/\/www.venturadigitalaudio.com\/fr\/services\/","title":{"rendered":"Services"},"content":{"rendered":"[vc_row type=&#8221;in_container&#8221; full_screen_row_position=&#8221;middle&#8221; scene_position=&#8221;center&#8221; text_color=&#8221;dark&#8221; text_align=&#8221;left&#8221; top_padding=&#8221;45&#8243; bottom_padding=&#8221;15&#8243; overlay_strength=&#8221;0.3&#8243;][vc_column column_padding=&#8221;no-extra-padding&#8221; column_padding_position=&#8221;all&#8221; background_color_opacity=&#8221;1&#8243; background_hover_color_opacity=&#8221;1&#8243; column_shadow=&#8221;none&#8221; width=&#8221;1\/1&#8243; tablet_text_alignment=&#8221;default&#8221; phone_text_alignment=&#8221;default&#8221; column_border_width=&#8221;none&#8221; column_border_style=&#8221;solid&#8221;][vc_row_inner column_margin=&#8221;default&#8221; text_align=&#8221;left&#8221;][vc_column_inner column_padding=&#8221;no-extra-padding&#8221; column_padding_position=&#8221;all&#8221; background_color_opacity=&#8221;1&#8243; width=&#8221;1\/3&#8243; column_border_width=&#8221;none&#8221; column_border_style=&#8221;solid&#8221;][vc_custom_heading text=&#8221;ENREGISTREMENT EN STUDIO ET \u00c0 DISTANCE&#8221; font_container=&#8221;tag:h2|text_align:left|line_height:1&#8243; google_fonts=&#8221;font_family:Roboto%20Condensed%3A300%2C300italic%2Cregular%2Citalic%2C700%2C700italic|font_style:400%20regular%3A400%3Anormal&#8221;][vc_custom_heading text=&#8221;Plan &#8220;B&#8220;&#8221; font_container=&#8221;tag:h3|text_align:left|color:%23666666&#8243; google_fonts=&#8221;font_family:Roboto%20Condensed%3A300%2C300italic%2Cregular%2Citalic%2C700%2C700italic|font_style:400%20italic%3A400%3Aitalic&#8221;][divider line_type=&#8221;Full Width Line&#8221; line_thickness=&#8221;1&#8243; divider_color=&#8221;default&#8221; custom_height=&#8221;35&#8243;][vc_column_text]\n<p style=\"font-size: 17px;\">L&#8217;enregistrement est toujours une chose d\u00e9licate. Il y a des budgets, des studios et des contraintes de temps auxquels il faut se conformer. R\u00e9cemment, nous avons mis en place une installation \u00e0 distance qui permet \u00e0 nos clients de configurer et d&#8217;enregistrer dans leur propre environnement confortable. Le stress et les co\u00fbts sont d\u00e9sormais maintenus \u00e0 distance. Contactez-nous pour plus de d\u00e9tails.<\/p>\n[\/vc_column_text][\/vc_column_inner][vc_column_inner column_padding=&#8221;no-extra-padding&#8221; column_padding_position=&#8221;all&#8221; background_color_opacity=&#8221;1&#8243; width=&#8221;1\/3&#8243; column_border_width=&#8221;none&#8221; column_border_style=&#8221;solid&#8221;][vc_custom_heading text=&#8221;MIXAGE&#8221; font_container=&#8221;tag:h2|text_align:left|line_height:1&#8243; google_fonts=&#8221;font_family:Roboto%20Condensed%3A300%2C300italic%2Cregular%2Citalic%2C700%2C700italic|font_style:400%20regular%3A400%3Anormal&#8221;][vc_custom_heading text=&#8221;Mettez en valeur le meilleur de votre musique&#8221; font_container=&#8221;tag:h3|text_align:left|color:%23666666&#8243; google_fonts=&#8221;font_family:Roboto%20Condensed%3A300%2C300italic%2Cregular%2Citalic%2C700%2C700italic|font_style:400%20italic%3A400%3Aitalic&#8221;][divider line_type=&#8221;No Line&#8221; custom_height=&#8221;26&#8243;][divider line_type=&#8221;Full Width Line&#8221; line_thickness=&#8221;1&#8243; divider_color=&#8221;default&#8221; custom_height=&#8221;35&#8243;][vc_column_text]\n<p style=\"font-size: 17px;\">Pendant un enregistrement, les mixages bruts sont spontan\u00e9s et excellents ! Mais quand vient le moment du mixage final, il semble que toute la spontan\u00e9it\u00e9 et la dynamique ont disparu. Nous savons combien votre musique vous tient \u00e0 c\u0153ur, alors laissez-nous nous assurer que vos mixages vont dans la bonne direction !<\/p>\n[\/vc_column_text][\/vc_column_inner][vc_column_inner column_padding=&#8221;no-extra-padding&#8221; column_padding_position=&#8221;all&#8221; background_color_opacity=&#8221;1&#8243; width=&#8221;1\/3&#8243; column_border_width=&#8221;none&#8221; column_border_style=&#8221;solid&#8221;][vc_custom_heading text=&#8221;MAST\u00c9RISATION&#8221; font_container=&#8221;tag:h2|text_align:left|line_height:1&#8243; google_fonts=&#8221;font_family:Roboto%20Condensed%3A300%2C300italic%2Cregular%2Citalic%2C700%2C700italic|font_style:400%20regular%3A400%3Anormal&#8221;][vc_custom_heading text=&#8221;Obtenir les touches finales justes !&#8221; font_container=&#8221;tag:h3|text_align:left|color:%23666666&#8243; google_fonts=&#8221;font_family:Roboto%20Condensed%3A300%2C300italic%2Cregular%2Citalic%2C700%2C700italic|font_style:400%20italic%3A400%3Aitalic&#8221;][divider line_type=&#8221;No Line&#8221; custom_height=&#8221;26&#8243;][divider line_type=&#8221;Full Width Line&#8221; line_thickness=&#8221;1&#8243; divider_color=&#8221;default&#8221; custom_height=&#8221;35&#8243;][vc_column_text]\n<p style=\"font-size: 17px;\">Le mixage, c&#8217;est le mixage, et le mastering, c&#8217;est le mastering. N&#8217;essayez pas de faire du mastering pendant le mixage ! Ce sont deux choses diff\u00e9rentes. Nous connaissons la diff\u00e9rence. Peu importe l&#8217;\u00e9tape que vous visez, vous devez mettre votre meilleur pied en avant et en faire une exp\u00e9rience d&#8217;\u00e9coute parfaite. \u00c9pargnez les excuses.<\/p>\n[\/vc_column_text][\/vc_column_inner][\/vc_row_inner][\/vc_column][\/vc_row][vc_row type=&#8221;in_container&#8221; full_screen_row_position=&#8221;middle&#8221; scene_position=&#8221;center&#8221; text_color=&#8221;dark&#8221; text_align=&#8221;left&#8221; top_padding=&#8221;15&#8243; bottom_padding=&#8221;10&#8243; overlay_strength=&#8221;0.3&#8243;][vc_column column_padding=&#8221;no-extra-padding&#8221; column_padding_position=&#8221;all&#8221; background_color_opacity=&#8221;1&#8243; background_hover_color_opacity=&#8221;1&#8243; column_shadow=&#8221;none&#8221; width=&#8221;1\/1&#8243; tablet_text_alignment=&#8221;default&#8221; phone_text_alignment=&#8221;default&#8221; column_border_width=&#8221;none&#8221; column_border_style=&#8221;solid&#8221;][vc_row_inner column_margin=&#8221;default&#8221; text_align=&#8221;left&#8221;][vc_column_inner column_padding=&#8221;no-extra-padding&#8221; column_padding_position=&#8221;all&#8221; background_color_opacity=&#8221;1&#8243; width=&#8221;1\/3&#8243; column_border_width=&#8221;none&#8221; column_border_style=&#8221;solid&#8221;][vc_custom_heading text=&#8221;PRODUCTION AUDIO&#8221; font_container=&#8221;tag:h2|text_align:left|line_height:1&#8243; google_fonts=&#8221;font_family:Roboto%20Condensed%3A300%2C300italic%2Cregular%2Citalic%2C700%2C700italic|font_style:400%20regular%3A400%3Anormal&#8221;][vc_custom_heading text=&#8221;Tout est une question de performance.&#8221; font_container=&#8221;tag:h3|text_align:left|color:%23666666&#8243; google_fonts=&#8221;font_family:Roboto%20Condensed%3A300%2C300italic%2Cregular%2Citalic%2C700%2C700italic|font_style:400%20italic%3A400%3Aitalic&#8221;][divider line_type=&#8221;No Line&#8221; custom_height=&#8221;26&#8243;][divider line_type=&#8221;Full Width Line&#8221; line_thickness=&#8221;1&#8243; divider_color=&#8221;default&#8221; custom_height=&#8221;35&#8243;][vc_column_text]\n<p style=\"font-size: 17px;\">La liste de souhaits de l&#8217;artiste est toujours notre premi\u00e8re priorit\u00e9. Nous voulons comprendre votre vision pour la concr\u00e9tiser. Une chanson n&#8217;est pas seulement une pi\u00e8ce de musique ; elle concerne l&#8217;environnement, les studios, le personnel, les microphones, les musiciens et enfin, la performance. Maintenant, mettons tout cela ensemble et nous avons la cr\u00e9ation d&#8217;un excellent enregistrement. Cela n\u00e9cessite du talent !<\/p>\n[\/vc_column_text][\/vc_column_inner][vc_column_inner column_padding=&#8221;no-extra-padding&#8221; column_padding_position=&#8221;all&#8221; background_color_opacity=&#8221;1&#8243; width=&#8221;1\/3&#8243; column_border_width=&#8221;none&#8221; column_border_style=&#8221;solid&#8221;][vc_custom_heading text=&#8221;CONSULTATION&#8221; font_container=&#8221;tag:h2|text_align:left|line_height:1&#8243; google_fonts=&#8221;font_family:Roboto%20Condensed%3A300%2C300italic%2Cregular%2Citalic%2C700%2C700italic|font_style:400%20regular%3A400%3Anormal&#8221;][vc_custom_heading text=&#8221;Planifiez \u00e0 l&apos;avance&#8221; font_container=&#8221;tag:h3|text_align:left|color:%23666666&#8243; google_fonts=&#8221;font_family:Roboto%20Condensed%3A300%2C300italic%2Cregular%2Citalic%2C700%2C700italic|font_style:400%20italic%3A400%3Aitalic&#8221;][divider line_type=&#8221;No Line&#8221; custom_height=&#8221;26&#8243;][divider line_type=&#8221;Full Width Line&#8221; line_thickness=&#8221;1&#8243; divider_color=&#8221;default&#8221; custom_height=&#8221;35&#8243;][vc_column_text]\n<p style=\"font-size: 17px;\">Qu&#8217;il soit grand ou petit, laissez-nous examiner vos plans pour votre prochain projet. Nos ressources et notre exp\u00e9rience veilleront \u00e0 ce que votre projet respecte le budget, le calendrier et les d\u00e9lais. Nous pouvons probablement vous aider bien plus que vous ne le pensez !<\/p>\n[\/vc_column_text][\/vc_column_inner][vc_column_inner column_padding=&#8221;no-extra-padding&#8221; column_padding_position=&#8221;all&#8221; background_color_opacity=&#8221;1&#8243; width=&#8221;1\/3&#8243; column_border_width=&#8221;none&#8221; column_border_style=&#8221;solid&#8221;][vc_custom_heading text=&#8221;D\u00c9VELOPPEMENT ET GESTION D&apos;ARTISTES&#8221; font_container=&#8221;tag:h2|text_align:left|line_height:1&#8243; google_fonts=&#8221;font_family:Roboto%20Condensed%3A300%2C300italic%2Cregular%2Citalic%2C700%2C700italic|font_style:400%20regular%3A400%3Anormal&#8221;][vc_custom_heading text=&#8221;Comprendre le talent&#8221; font_container=&#8221;tag:h3|text_align:left|color:%23666666&#8243; google_fonts=&#8221;font_family:Roboto%20Condensed%3A300%2C300italic%2Cregular%2Citalic%2C700%2C700italic|font_style:400%20italic%3A400%3Aitalic&#8221;][divider line_type=&#8221;Full Width Line&#8221; line_thickness=&#8221;1&#8243; divider_color=&#8221;default&#8221; custom_height=&#8221;35&#8243;][vc_column_text]\n<p style=\"font-size: 17px;\">Chaque jour, nous cherchons tous un moyen de nous am\u00e9liorer gr\u00e2ce \u00e0 l&#8217;exp\u00e9rience et \u00e0 la connaissance. D\u00e9velopper un artiste, c&#8217;est en grande partie la m\u00eame chose. Avec quarante ans d&#8217;exp\u00e9rience sur la sc\u00e8ne internationale, nous comprenons ce qu&#8217;il faut pour d\u00e9velopper et cultiver un projet d&#8217;une mani\u00e8re que personne d&#8217;autre ne peut, et cela fait une diff\u00e9rence !<\/p>\n<p>Laissez-nous vous montrer comment.[\/vc_column_text][\/vc_column_inner][\/vc_row_inner][\/vc_column][\/vc_row][vc_row type=&#8221;full_width_content&#8221; full_screen_row_position=&#8221;middle&#8221; bg_color=&#8221;#474747&#8243; scene_position=&#8221;center&#8221; text_color=&#8221;light&#8221; text_align=&#8221;center&#8221; top_padding=&#8221;50&#8243; bottom_padding=&#8221;50&#8243; overlay_strength=&#8221;0.3&#8243;][vc_column column_padding=&#8221;no-extra-padding&#8221; column_padding_position=&#8221;all&#8221; background_color_opacity=&#8221;1&#8243; background_hover_color_opacity=&#8221;1&#8243; column_shadow=&#8221;none&#8221; width=&#8221;1\/1&#8243; tablet_text_alignment=&#8221;default&#8221; phone_text_alignment=&#8221;default&#8221; column_border_width=&#8221;none&#8221; column_border_style=&#8221;solid&#8221;][vc_row_inner column_margin=&#8221;default&#8221; text_align=&#8221;left&#8221;][vc_column_inner column_padding=&#8221;no-extra-padding&#8221; column_padding_position=&#8221;all&#8221; background_color_opacity=&#8221;1&#8243; width=&#8221;1\/1&#8243; column_border_width=&#8221;none&#8221; column_border_style=&#8221;solid&#8221;][vc_column_text]\n<h3 style=\"text-align: center;\">&#8220;Nous obtenons le son que vous souhaitez entendre.&#8221;<\/h3>\n<h3 class=\"sub\" style=\"text-align: center;\">-Bill Szawlowski<\/h3>\n[\/vc_column_text][\/vc_column_inner][\/vc_row_inner][\/vc_column][\/vc_row]\n","protected":false},"excerpt":{"rendered":"<p>[vc_row type=&#8221;in_container&#8221; full_screen_row_position=&#8221;middle&#8221; scene_position=&#8221;center&#8221; text_color=&#8221;dark&#8221; text_align=&#8221;left&#8221; top_padding=&#8221;45&#8243; bottom_padding=&#8221;15&#8243; overlay_strength=&#8221;0.3&#8243;][vc_column column_padding=&#8221;no-extra-padding&#8221; column_padding_position=&#8221;all&#8221; background_color_opacity=&#8221;1&#8243; background_hover_color_opacity=&#8221;1&#8243; column_shadow=&#8221;none&#8221; width=&#8221;1\/1&#8243; tablet_text_alignment=&#8221;default&#8221; phone_text_alignment=&#8221;default&#8221; column_border_width=&#8221;none&#8221; column_border_style=&#8221;solid&#8221;][vc_row_inner column_margin=&#8221;default&#8221; text_align=&#8221;left&#8221;][vc_column_inner column_padding=&#8221;no-extra-padding&#8221; column_padding_position=&#8221;all&#8221; background_color_opacity=&#8221;1&#8243; width=&#8221;1\/3&#8243; column_border_width=&#8221;none&#8221; column_border_style=&#8221;solid&#8221;][vc_custom_heading text=&#8221;ENREGISTREMENT EN STUDIO&#8230;<\/p>\n","protected":false},"author":2,"featured_media":0,"parent":0,"menu_order":2,"comment_status":"open","ping_status":"open","template":"","meta":{"footnotes":""},"class_list":["post-4521","page","type-page","status-publish"],"_links":{"self":[{"href":"https:\/\/www.venturadigitalaudio.com\/fr\/wp-json\/wp\/v2\/pages\/4521","targetHints":{"allow":["GET"]}}],"collection":[{"href":"https:\/\/www.venturadigitalaudio.com\/fr\/wp-json\/wp\/v2\/pages"}],"about":[{"href":"https:\/\/www.venturadigitalaudio.com\/fr\/wp-json\/wp\/v2\/types\/page"}],"author":[{"embeddable":true,"href":"https:\/\/www.venturadigitalaudio.com\/fr\/wp-json\/wp\/v2\/users\/2"}],"replies":[{"embeddable":true,"href":"https:\/\/www.venturadigitalaudio.com\/fr\/wp-json\/wp\/v2\/comments?post=4521"}],"version-history":[{"count":2,"href":"https:\/\/www.venturadigitalaudio.com\/fr\/wp-json\/wp\/v2\/pages\/4521\/revisions"}],"predecessor-version":[{"id":4523,"href":"https:\/\/www.venturadigitalaudio.com\/fr\/wp-json\/wp\/v2\/pages\/4521\/revisions\/4523"}],"wp:attachment":[{"href":"https:\/\/www.venturadigitalaudio.com\/fr\/wp-json\/wp\/v2\/media?parent=4521"}],"curies":[{"name":"wp","href":"https:\/\/api.w.org\/{rel}","templated":true}]}}